{"id":2657,"date":"2025-04-24T14:24:36","date_gmt":"2025-04-24T12:24:36","guid":{"rendered":"https:\/\/fdev.es\/?post_type=product&#038;p=2657"},"modified":"2025-07-23T18:40:09","modified_gmt":"2025-07-23T16:40:09","slug":"gift-card-pdf-and-qr","status":"publish","type":"product","link":"https:\/\/fdev.es\/en\/gift-card-pdf-and-qr\/","title":{"rendered":"Gift Card PDF and QR"},"content":{"rendered":"<p>Este plugin permite crear una tarjeta regalo como producto en Woocommerce. El usuario selecciona la cantidad a regalar y el email del beneficiario, quien recibir\u00e1 un PDF con un c\u00f3digo QR que abre una URL \u00fanica y secreta para comprobar la validez y poder marcar la tarjeta como usada.<\/p>\n<p>Ideal para restaurantes o establecimientos f\u00edsicos. Personaliza la imagen y los distintas cantidades seleccionables de la tarjeta.<\/p>\n<p>El comprador recibe una copia del PDF, que puede imprimir para entregar como regalo f\u00edsico al beneficiario, que podr\u00e1 llevarlo para escanear en el establecimiento.<\/p>","protected":false},"excerpt":{"rendered":"<p>Este plugin permite crear una tarjeta regalo como producto en Woocommerce. El usuario selecciona la cantidad a regalar y el email del beneficiario, quien recibir\u00e1 un PDF con un c\u00f3digo QR que abre una URL \u00fanica y secreta para comprobar la validez y poder marcar la tarjeta como usada.<\/p>","protected":false},"featured_media":2658,"template":"","meta":{"_uag_custom_page_level_css":"","site-sidebar-layout":"default","site-content-layout":"","ast-site-content-layout":"default","site-content-style":"default","site-sidebar-style":"default","ast-global-header-display":"","ast-banner-title-visibility":"","ast-main-header-display":"","ast-hfb-above-header-display":"","ast-hfb-below-header-display":"","ast-hfb-mobile-header-display":"","site-post-title":"","ast-breadcrumbs-content":"","ast-featured-img":"","footer-sml-layout":"","theme-transparent-header-meta":"default","adv-header-id-meta":"","stick-header-meta":"default","header-above-stick-meta":"","header-main-stick-meta":"","header-below-stick-meta":"","astra-migrate-meta-layouts":"set","ast-page-background-enabled":"default","ast-page-background-meta":{"desktop":{"background-color":"","background-image":"","background-repeat":"repeat","background-position":"center center","background-size":"auto","background-attachment":"scroll","background-type":"","background-media":"","overlay-type":"","overlay-color":"","overlay-opacity":"","overlay-gradient":""},"tablet":{"background-color":"","background-image":"","background-repeat":"repeat","background-position":"center center","background-size":"auto","background-attachment":"scroll","background-type":"","background-media":"","overlay-type":"","overlay-color":"","overlay-opacity":"","overlay-gradient":""},"mobile":{"background-color":"","background-image":"","background-repeat":"repeat","background-position":"center center","background-size":"auto","background-attachment":"scroll","background-type":"","background-media":"","overlay-type":"","overlay-color":"","overlay-opacity":"","overlay-gradient":""}},"ast-content-background-meta":{"desktop":{"background-color":"var(--ast-global-color-5)","background-image":"","background-repeat":"repeat","background-position":"center center","background-size":"auto","background-attachment":"scroll","background-type":"","background-media":"","overlay-type":"","overlay-color":"","overlay-opacity":"","overlay-gradient":""},"tablet":{"background-color":"var(--ast-global-color-5)","background-image":"","background-repeat":"repeat","background-position":"center center","background-size":"auto","background-attachment":"scroll","background-type":"","background-media":"","overlay-type":"","overlay-color":"","overlay-opacity":"","overlay-gradient":""},"mobile":{"background-color":"var(--ast-global-color-5)","background-image":"","background-repeat":"repeat","background-position":"center center","background-size":"auto","background-attachment":"scroll","background-type":"","background-media":"","overlay-type":"","overlay-color":"","overlay-opacity":"","overlay-gradient":""}}},"product_cat":[101,97],"product_tag":[],"class_list":["post-2657","product","type-product","status-publish","has-post-thumbnail","hentry","product_cat-plugins-woocommerce","product_cat-plugins-wordpress","desktop-align-left","tablet-align-left","mobile-align-left","ast-product-gallery-layout-horizontal-slider","ast-magnify-disabled","ast-product-tabs-layout-horizontal"],"acf":[],"uagb_featured_image_src":{"full":["https:\/\/fdev.es\/wp-content\/uploads\/2025\/04\/tarjeta-de-regalo.png",512,512,false],"thumbnail":["https:\/\/fdev.es\/wp-content\/uploads\/2025\/04\/tarjeta-de-regalo-150x150.png",150,150,true],"medium":["https:\/\/fdev.es\/wp-content\/uploads\/2025\/04\/tarjeta-de-regalo-300x300.png",300,300,true],"medium_large":["https:\/\/fdev.es\/wp-content\/uploads\/2025\/04\/tarjeta-de-regalo.png",512,512,false],"large":["https:\/\/fdev.es\/wp-content\/uploads\/2025\/04\/tarjeta-de-regalo.png",512,512,false],"1536x1536":["https:\/\/fdev.es\/wp-content\/uploads\/2025\/04\/tarjeta-de-regalo.png",512,512,false],"2048x2048":["https:\/\/fdev.es\/wp-content\/uploads\/2025\/04\/tarjeta-de-regalo.png",512,512,false],"trp-custom-language-flag":["https:\/\/fdev.es\/wp-content\/uploads\/2025\/04\/tarjeta-de-regalo.png",12,12,false],"woocommerce_thumbnail":["https:\/\/fdev.es\/wp-content\/uploads\/2025\/04\/tarjeta-de-regalo-300x300.png",300,300,true],"woocommerce_single":["https:\/\/fdev.es\/wp-content\/uploads\/2025\/04\/tarjeta-de-regalo.png",512,512,false],"woocommerce_gallery_thumbnail":["https:\/\/fdev.es\/wp-content\/uploads\/2025\/04\/tarjeta-de-regalo-100x100.png",100,100,true]},"uagb_author_info":{"display_name":"Juan Fern\u00e1ndez M.","author_link":"https:\/\/fdev.es\/en\/author\/"},"uagb_comment_info":1,"uagb_excerpt":"Este plugin permite crear una tarjeta regalo como producto en Woocommerce. El usuario selecciona la cantidad a regalar y el email del beneficiario, quien recibir\u00e1 un PDF con un c\u00f3digo QR que abre una URL \u00fanica y secreta para comprobar la validez y poder marcar la tarjeta como usada.","_links":{"self":[{"href":"https:\/\/fdev.es\/en\/wp-json\/wp\/v2\/product\/2657","targetHints":{"allow":["GET"]}}],"collection":[{"href":"https:\/\/fdev.es\/en\/wp-json\/wp\/v2\/product"}],"about":[{"href":"https:\/\/fdev.es\/en\/wp-json\/wp\/v2\/types\/product"}],"wp:featuredmedia":[{"embeddable":true,"href":"https:\/\/fdev.es\/en\/wp-json\/wp\/v2\/media\/2658"}],"wp:attachment":[{"href":"https:\/\/fdev.es\/en\/wp-json\/wp\/v2\/media?parent=2657"}],"wp:term":[{"taxonomy":"product_cat","embeddable":true,"href":"https:\/\/fdev.es\/en\/wp-json\/wp\/v2\/product_cat?post=2657"},{"taxonomy":"product_tag","embeddable":true,"href":"https:\/\/fdev.es\/en\/wp-json\/wp\/v2\/product_tag?post=2657"}],"curies":[{"name":"wp","href":"https:\/\/api.w.org\/{rel}","templated":true}]}}