{"id":2639,"date":"2025-03-06T08:46:11","date_gmt":"2025-03-06T07:46:11","guid":{"rendered":"https:\/\/fdev.es\/?post_type=product&#038;p=2639"},"modified":"2025-03-07T07:06:50","modified_gmt":"2025-03-07T06:06:50","slug":"search-result-category-creator","status":"publish","type":"product","link":"https:\/\/fdev.es\/en\/search-result-category-creator\/","title":{"rendered":"Search Result Category Creator"},"content":{"rendered":"<div style=\"margin-top:20px; padding:10px; border:1px solid #ccc; background:#f9f9f9;\">\n<h3>El objetivo es disponer de una URL indexable para una palabra clave de b\u00fasqueda<\/h3>\n<h4>Instrucciones de uso<\/h4>\n<p>Realiza una b\u00fasqueda por palabras en el front para comprobar el listado de productos.<\/p>\n<p>Se recomienda usar al menos dos palabras (palabras clave m\u00e1s espec\u00edficas) para evitar obtener resultados no deseados. Por ejemplo: si la b\u00fasqueda es \u00abGel\u00bb, incluir\u00e1 en la categor\u00eda productos como el Gelocatil, una marca que quiz\u00e1s no sea en formato Gel. Si escribimos sin embargo \u00abGel cut\u00e1neo\u00bb, incluir\u00e1 una lista de productos m\u00e1s acertada.<\/p>\n<p>Ve al panel de configuraci\u00f3n del m\u00f3dulo y repite la b\u00fasqueda deseada. Publica, reorganiza y edita la nueva categor\u00eda desde la secci\u00f3n cat\u00e1logo.<\/p>\n<\/p><\/div>","protected":false},"excerpt":{"rendered":"<p>El objetivo es disponer de una URL indexable para una palabra clave de b\u00fasqueda Instrucciones de uso Realiza una b\u00fasqueda por palabras en el front para comprobar el listado de productos. Se recomienda usar al menos dos palabras (palabras clave m\u00e1s espec\u00edficas) para evitar obtener resultados no deseados. Por ejemplo: si la b\u00fasqueda es \u00abGel\u00bb, [&hellip;]<\/p>","protected":false},"featured_media":2641,"template":"","meta":{"_uag_custom_page_level_css":"","site-sidebar-layout":"default","site-content-layout":"","ast-site-content-layout":"default","site-content-style":"default","site-sidebar-style":"default","ast-global-header-display":"","ast-banner-title-visibility":"","ast-main-header-display":"","ast-hfb-above-header-display":"","ast-hfb-below-header-display":"","ast-hfb-mobile-header-display":"","site-post-title":"","ast-breadcrumbs-content":"","ast-featured-img":"","footer-sml-layout":"","theme-transparent-header-meta":"default","adv-header-id-meta":"","stick-header-meta":"default","header-above-stick-meta":"","header-main-stick-meta":"","header-below-stick-meta":"","astra-migrate-meta-layouts":"set","ast-page-background-enabled":"default","ast-page-background-meta":{"desktop":{"background-color":"","background-image":"","background-repeat":"repeat","background-position":"center center","background-size":"auto","background-attachment":"scroll","background-type":"","background-media":"","overlay-type":"","overlay-color":"","overlay-opacity":"","overlay-gradient":""},"tablet":{"background-color":"","background-image":"","background-repeat":"repeat","background-position":"center center","background-size":"auto","background-attachment":"scroll","background-type":"","background-media":"","overlay-type":"","overlay-color":"","overlay-opacity":"","overlay-gradient":""},"mobile":{"background-color":"","background-image":"","background-repeat":"repeat","background-position":"center center","background-size":"auto","background-attachment":"scroll","background-type":"","background-media":"","overlay-type":"","overlay-color":"","overlay-opacity":"","overlay-gradient":""}},"ast-content-background-meta":{"desktop":{"background-color":"var(--ast-global-color-5)","background-image":"","background-repeat":"repeat","background-position":"center center","background-size":"auto","background-attachment":"scroll","background-type":"","background-media":"","overlay-type":"","overlay-color":"","overlay-opacity":"","overlay-gradient":""},"tablet":{"background-color":"var(--ast-global-color-5)","background-image":"","background-repeat":"repeat","background-position":"center center","background-size":"auto","background-attachment":"scroll","background-type":"","background-media":"","overlay-type":"","overlay-color":"","overlay-opacity":"","overlay-gradient":""},"mobile":{"background-color":"var(--ast-global-color-5)","background-image":"","background-repeat":"repeat","background-position":"center center","background-size":"auto","background-attachment":"scroll","background-type":"","background-media":"","overlay-type":"","overlay-color":"","overlay-opacity":"","overlay-gradient":""}}},"product_cat":[98],"product_tag":[],"class_list":["post-2639","product","type-product","status-publish","has-post-thumbnail","hentry","product_cat-modulos-prestashop","desktop-align-left","tablet-align-left","mobile-align-left","ast-product-gallery-layout-horizontal-slider","ast-magnify-disabled","ast-product-tabs-layout-horizontal"],"acf":[],"uagb_featured_image_src":{"full":["https:\/\/fdev.es\/wp-content\/uploads\/2025\/03\/barra-de-busqueda.png",512,512,false],"thumbnail":["https:\/\/fdev.es\/wp-content\/uploads\/2025\/03\/barra-de-busqueda-150x150.png",150,150,true],"medium":["https:\/\/fdev.es\/wp-content\/uploads\/2025\/03\/barra-de-busqueda-300x300.png",300,300,true],"medium_large":["https:\/\/fdev.es\/wp-content\/uploads\/2025\/03\/barra-de-busqueda.png",512,512,false],"large":["https:\/\/fdev.es\/wp-content\/uploads\/2025\/03\/barra-de-busqueda.png",512,512,false],"1536x1536":["https:\/\/fdev.es\/wp-content\/uploads\/2025\/03\/barra-de-busqueda.png",512,512,false],"2048x2048":["https:\/\/fdev.es\/wp-content\/uploads\/2025\/03\/barra-de-busqueda.png",512,512,false],"trp-custom-language-flag":["https:\/\/fdev.es\/wp-content\/uploads\/2025\/03\/barra-de-busqueda.png",12,12,false],"woocommerce_thumbnail":["https:\/\/fdev.es\/wp-content\/uploads\/2025\/03\/barra-de-busqueda-300x300.png",300,300,true],"woocommerce_single":["https:\/\/fdev.es\/wp-content\/uploads\/2025\/03\/barra-de-busqueda.png",512,512,false],"woocommerce_gallery_thumbnail":["https:\/\/fdev.es\/wp-content\/uploads\/2025\/03\/barra-de-busqueda-100x100.png",100,100,true]},"uagb_author_info":{"display_name":"Juan Fern\u00e1ndez M.","author_link":"https:\/\/fdev.es\/en\/author\/"},"uagb_comment_info":0,"uagb_excerpt":"El objetivo es disponer de una URL indexable para una palabra clave de b\u00fasqueda Instrucciones de uso Realiza una b\u00fasqueda por palabras en el front para comprobar el listado de productos. Se recomienda usar al menos dos palabras (palabras clave m\u00e1s espec\u00edficas) para evitar obtener resultados no deseados. Por ejemplo: si la b\u00fasqueda es \u00abGel\u00bb,&hellip;","_links":{"self":[{"href":"https:\/\/fdev.es\/en\/wp-json\/wp\/v2\/product\/2639","targetHints":{"allow":["GET"]}}],"collection":[{"href":"https:\/\/fdev.es\/en\/wp-json\/wp\/v2\/product"}],"about":[{"href":"https:\/\/fdev.es\/en\/wp-json\/wp\/v2\/types\/product"}],"wp:featuredmedia":[{"embeddable":true,"href":"https:\/\/fdev.es\/en\/wp-json\/wp\/v2\/media\/2641"}],"wp:attachment":[{"href":"https:\/\/fdev.es\/en\/wp-json\/wp\/v2\/media?parent=2639"}],"wp:term":[{"taxonomy":"product_cat","embeddable":true,"href":"https:\/\/fdev.es\/en\/wp-json\/wp\/v2\/product_cat?post=2639"},{"taxonomy":"product_tag","embeddable":true,"href":"https:\/\/fdev.es\/en\/wp-json\/wp\/v2\/product_tag?post=2639"}],"curies":[{"name":"wp","href":"https:\/\/api.w.org\/{rel}","templated":true}]}}