{"id":2573,"date":"2024-10-31T08:15:00","date_gmt":"2024-10-31T07:15:00","guid":{"rendered":"https:\/\/fdev.es\/?post_type=product&#038;p=2573"},"modified":"2024-12-09T21:31:07","modified_gmt":"2024-12-09T20:31:07","slug":"simple-facebook-pixel","status":"publish","type":"product","link":"https:\/\/fdev.es\/en\/simple-facebook-pixel\/","title":{"rendered":"Simple facebook pixel"},"content":{"rendered":"<p>Este m\u00f3dulo te instala el c\u00f3digo de seguimiento (pixel) de facebook en todas las p\u00e1ginas de tu tienda en Prestashop.<\/p>\n<p>Accede al Administrador de Eventos de Meta:<\/p>\n<p>Selecciona \u00abConectar or\u00edgenes de datos\u00bb y luego \u00abWeb\u00bb.<br \/>\nCrea tu p\u00edxel ingresando un nombre y haciendo clic en \u00abCrear p\u00edxel\u00bb.<\/p>\n<p>Copia el c\u00f3digo del pixel y p\u00e9galo en el panel de configuraci\u00f3n del m\u00f3dulo.<\/p>","protected":false},"excerpt":{"rendered":"<p>Este m\u00f3dulo te inserta el c\u00f3digo de seguimiento (pixel) de facebook en todas las p\u00e1ginas de tu tienda en Prestashop.<\/p>","protected":false},"featured_media":2574,"template":"","meta":{"_uag_custom_page_level_css":"","site-sidebar-layout":"default","site-content-layout":"","ast-site-content-layout":"default","site-content-style":"default","site-sidebar-style":"default","ast-global-header-display":"","ast-banner-title-visibility":"","ast-main-header-display":"","ast-hfb-above-header-display":"","ast-hfb-below-header-display":"","ast-hfb-mobile-header-display":"","site-post-title":"","ast-breadcrumbs-content":"","ast-featured-img":"","footer-sml-layout":"","theme-transparent-header-meta":"default","adv-header-id-meta":"","stick-header-meta":"default","header-above-stick-meta":"","header-main-stick-meta":"","header-below-stick-meta":"","astra-migrate-meta-layouts":"set","ast-page-background-enabled":"default","ast-page-background-meta":{"desktop":{"background-color":"","background-image":"","background-repeat":"repeat","background-position":"center center","background-size":"auto","background-attachment":"scroll","background-type":"","background-media":"","overlay-type":"","overlay-color":"","overlay-opacity":"","overlay-gradient":""},"tablet":{"background-color":"","background-image":"","background-repeat":"repeat","background-position":"center center","background-size":"auto","background-attachment":"scroll","background-type":"","background-media":"","overlay-type":"","overlay-color":"","overlay-opacity":"","overlay-gradient":""},"mobile":{"background-color":"","background-image":"","background-repeat":"repeat","background-position":"center center","background-size":"auto","background-attachment":"scroll","background-type":"","background-media":"","overlay-type":"","overlay-color":"","overlay-opacity":"","overlay-gradient":""}},"ast-content-background-meta":{"desktop":{"background-color":"var(--ast-global-color-5)","background-image":"","background-repeat":"repeat","background-position":"center center","background-size":"auto","background-attachment":"scroll","background-type":"","background-media":"","overlay-type":"","overlay-color":"","overlay-opacity":"","overlay-gradient":""},"tablet":{"background-color":"var(--ast-global-color-5)","background-image":"","background-repeat":"repeat","background-position":"center center","background-size":"auto","background-attachment":"scroll","background-type":"","background-media":"","overlay-type":"","overlay-color":"","overlay-opacity":"","overlay-gradient":""},"mobile":{"background-color":"var(--ast-global-color-5)","background-image":"","background-repeat":"repeat","background-position":"center center","background-size":"auto","background-attachment":"scroll","background-type":"","background-media":"","overlay-type":"","overlay-color":"","overlay-opacity":"","overlay-gradient":""}}},"product_cat":[98],"product_tag":[],"class_list":["post-2573","product","type-product","status-publish","has-post-thumbnail","hentry","product_cat-modulos-prestashop","desktop-align-left","tablet-align-left","mobile-align-left","ast-product-gallery-layout-horizontal-slider","ast-magnify-disabled","ast-product-tabs-layout-horizontal"],"acf":[],"uagb_featured_image_src":{"full":["https:\/\/fdev.es\/wp-content\/uploads\/2024\/10\/simple-facebook-pixel.png",512,512,false],"thumbnail":["https:\/\/fdev.es\/wp-content\/uploads\/2024\/10\/simple-facebook-pixel-150x150.png",150,150,true],"medium":["https:\/\/fdev.es\/wp-content\/uploads\/2024\/10\/simple-facebook-pixel-300x300.png",300,300,true],"medium_large":["https:\/\/fdev.es\/wp-content\/uploads\/2024\/10\/simple-facebook-pixel.png",512,512,false],"large":["https:\/\/fdev.es\/wp-content\/uploads\/2024\/10\/simple-facebook-pixel.png",512,512,false],"1536x1536":["https:\/\/fdev.es\/wp-content\/uploads\/2024\/10\/simple-facebook-pixel.png",512,512,false],"2048x2048":["https:\/\/fdev.es\/wp-content\/uploads\/2024\/10\/simple-facebook-pixel.png",512,512,false],"trp-custom-language-flag":["https:\/\/fdev.es\/wp-content\/uploads\/2024\/10\/simple-facebook-pixel.png",12,12,false],"woocommerce_thumbnail":["https:\/\/fdev.es\/wp-content\/uploads\/2024\/10\/simple-facebook-pixel-300x300.png",300,300,true],"woocommerce_single":["https:\/\/fdev.es\/wp-content\/uploads\/2024\/10\/simple-facebook-pixel.png",512,512,false],"woocommerce_gallery_thumbnail":["https:\/\/fdev.es\/wp-content\/uploads\/2024\/10\/simple-facebook-pixel-100x100.png",100,100,true]},"uagb_author_info":{"display_name":"Juan Fern\u00e1ndez M.","author_link":"https:\/\/fdev.es\/en\/author\/"},"uagb_comment_info":1,"uagb_excerpt":"Este m\u00f3dulo te inserta el c\u00f3digo de seguimiento (pixel) de facebook en todas las p\u00e1ginas de tu tienda en Prestashop.","_links":{"self":[{"href":"https:\/\/fdev.es\/en\/wp-json\/wp\/v2\/product\/2573","targetHints":{"allow":["GET"]}}],"collection":[{"href":"https:\/\/fdev.es\/en\/wp-json\/wp\/v2\/product"}],"about":[{"href":"https:\/\/fdev.es\/en\/wp-json\/wp\/v2\/types\/product"}],"wp:featuredmedia":[{"embeddable":true,"href":"https:\/\/fdev.es\/en\/wp-json\/wp\/v2\/media\/2574"}],"wp:attachment":[{"href":"https:\/\/fdev.es\/en\/wp-json\/wp\/v2\/media?parent=2573"}],"wp:term":[{"taxonomy":"product_cat","embeddable":true,"href":"https:\/\/fdev.es\/en\/wp-json\/wp\/v2\/product_cat?post=2573"},{"taxonomy":"product_tag","embeddable":true,"href":"https:\/\/fdev.es\/en\/wp-json\/wp\/v2\/product_tag?post=2573"}],"curies":[{"name":"wp","href":"https:\/\/api.w.org\/{rel}","templated":true}]}}