{"id":2514,"date":"2024-09-18T08:59:21","date_gmt":"2024-09-18T06:59:21","guid":{"rendered":"https:\/\/fdev.es\/?post_type=product&#038;p=2514"},"modified":"2024-12-09T21:30:51","modified_gmt":"2024-12-09T20:30:51","slug":"minimum-amount-by-country","status":"publish","type":"product","link":"https:\/\/fdev.es\/en\/minimum-amount-by-country\/","title":{"rendered":"Minimum amount by country"},"content":{"rendered":"<p>Con este m\u00f3dulo puedes especificar por cada uno de los pa\u00edses habilitados de tu tienda una cantidad m\u00ednima de compra para completar el pedido. Una vez introducida la direcci\u00f3n, el m\u00f3dulo eval\u00faa en el carrito si el total es menor a la cantidad m\u00ednima requerida para el pa\u00eds y si es as\u00ed, impide la compra y muestra un mensaje con la cantidad m\u00ednima necesaria.<\/p>\n<h2>Versi\u00f3n 1.4<\/h2>\n<p>A\u00f1adida cantidad m\u00ednima por defecto para todos los pa\u00edses.<\/p>\n<p>&nbsp;<\/p>\n<h2>Instrucciones de uso<\/h2>\n<p>No olvides desactivar la caracter\u00edstica por defecto de Prestashop poniendo a cero\u00a0 Par\u00e1metros de la tienda &gt; Configuraci\u00f3n de pedidos &gt; Cantidad m\u00ednima de compra necesaria para validar el pedid<\/p>","protected":false},"excerpt":{"rendered":"<p>Con este m\u00f3dulo puedes especificar por cada uno de los pa\u00edses habilitados de tu tienda una cantidad m\u00ednima de compra para completar el pedido. Una vez introducida la direcci\u00f3n, el m\u00f3dulo eval\u00faa en el carrito si el total es menor a la cantidad m\u00ednima requerida para el pa\u00eds y si es as\u00ed, impide la compra [&hellip;]<\/p>","protected":false},"featured_media":2515,"template":"","meta":{"_uag_custom_page_level_css":"","site-sidebar-layout":"default","site-content-layout":"","ast-site-content-layout":"default","site-content-style":"default","site-sidebar-style":"default","ast-global-header-display":"","ast-banner-title-visibility":"","ast-main-header-display":"","ast-hfb-above-header-display":"","ast-hfb-below-header-display":"","ast-hfb-mobile-header-display":"","site-post-title":"","ast-breadcrumbs-content":"","ast-featured-img":"","footer-sml-layout":"","theme-transparent-header-meta":"default","adv-header-id-meta":"","stick-header-meta":"default","header-above-stick-meta":"","header-main-stick-meta":"","header-below-stick-meta":"","astra-migrate-meta-layouts":"set","ast-page-background-enabled":"default","ast-page-background-meta":{"desktop":{"background-color":"","background-image":"","background-repeat":"repeat","background-position":"center center","background-size":"auto","background-attachment":"scroll","background-type":"","background-media":"","overlay-type":"","overlay-color":"","overlay-opacity":"","overlay-gradient":""},"tablet":{"background-color":"","background-image":"","background-repeat":"repeat","background-position":"center center","background-size":"auto","background-attachment":"scroll","background-type":"","background-media":"","overlay-type":"","overlay-color":"","overlay-opacity":"","overlay-gradient":""},"mobile":{"background-color":"","background-image":"","background-repeat":"repeat","background-position":"center center","background-size":"auto","background-attachment":"scroll","background-type":"","background-media":"","overlay-type":"","overlay-color":"","overlay-opacity":"","overlay-gradient":""}},"ast-content-background-meta":{"desktop":{"background-color":"var(--ast-global-color-5)","background-image":"","background-repeat":"repeat","background-position":"center center","background-size":"auto","background-attachment":"scroll","background-type":"","background-media":"","overlay-type":"","overlay-color":"","overlay-opacity":"","overlay-gradient":""},"tablet":{"background-color":"var(--ast-global-color-5)","background-image":"","background-repeat":"repeat","background-position":"center center","background-size":"auto","background-attachment":"scroll","background-type":"","background-media":"","overlay-type":"","overlay-color":"","overlay-opacity":"","overlay-gradient":""},"mobile":{"background-color":"var(--ast-global-color-5)","background-image":"","background-repeat":"repeat","background-position":"center center","background-size":"auto","background-attachment":"scroll","background-type":"","background-media":"","overlay-type":"","overlay-color":"","overlay-opacity":"","overlay-gradient":""}}},"product_cat":[98],"product_tag":[],"class_list":["post-2514","product","type-product","status-publish","has-post-thumbnail","hentry","product_cat-modulos-prestashop","desktop-align-left","tablet-align-left","mobile-align-left","ast-product-gallery-layout-horizontal-slider","ast-magnify-disabled","ast-product-tabs-layout-horizontal"],"acf":[],"uagb_featured_image_src":{"full":["https:\/\/fdev.es\/wp-content\/uploads\/2024\/09\/bolsa-de-la-compra.png",512,512,false],"thumbnail":["https:\/\/fdev.es\/wp-content\/uploads\/2024\/09\/bolsa-de-la-compra-150x150.png",150,150,true],"medium":["https:\/\/fdev.es\/wp-content\/uploads\/2024\/09\/bolsa-de-la-compra-300x300.png",300,300,true],"medium_large":["https:\/\/fdev.es\/wp-content\/uploads\/2024\/09\/bolsa-de-la-compra.png",512,512,false],"large":["https:\/\/fdev.es\/wp-content\/uploads\/2024\/09\/bolsa-de-la-compra.png",512,512,false],"1536x1536":["https:\/\/fdev.es\/wp-content\/uploads\/2024\/09\/bolsa-de-la-compra.png",512,512,false],"2048x2048":["https:\/\/fdev.es\/wp-content\/uploads\/2024\/09\/bolsa-de-la-compra.png",512,512,false],"trp-custom-language-flag":["https:\/\/fdev.es\/wp-content\/uploads\/2024\/09\/bolsa-de-la-compra.png",12,12,false],"woocommerce_thumbnail":["https:\/\/fdev.es\/wp-content\/uploads\/2024\/09\/bolsa-de-la-compra-300x300.png",300,300,true],"woocommerce_single":["https:\/\/fdev.es\/wp-content\/uploads\/2024\/09\/bolsa-de-la-compra.png",512,512,false],"woocommerce_gallery_thumbnail":["https:\/\/fdev.es\/wp-content\/uploads\/2024\/09\/bolsa-de-la-compra-100x100.png",100,100,true]},"uagb_author_info":{"display_name":"Juan Fern\u00e1ndez M.","author_link":"https:\/\/fdev.es\/en\/author\/"},"uagb_comment_info":2,"uagb_excerpt":"Con este m\u00f3dulo puedes especificar por cada uno de los pa\u00edses habilitados de tu tienda una cantidad m\u00ednima de compra para completar el pedido. Una vez introducida la direcci\u00f3n, el m\u00f3dulo eval\u00faa en el carrito si el total es menor a la cantidad m\u00ednima requerida para el pa\u00eds y si es as\u00ed, impide la compra&hellip;","_links":{"self":[{"href":"https:\/\/fdev.es\/en\/wp-json\/wp\/v2\/product\/2514","targetHints":{"allow":["GET"]}}],"collection":[{"href":"https:\/\/fdev.es\/en\/wp-json\/wp\/v2\/product"}],"about":[{"href":"https:\/\/fdev.es\/en\/wp-json\/wp\/v2\/types\/product"}],"wp:featuredmedia":[{"embeddable":true,"href":"https:\/\/fdev.es\/en\/wp-json\/wp\/v2\/media\/2515"}],"wp:attachment":[{"href":"https:\/\/fdev.es\/en\/wp-json\/wp\/v2\/media?parent=2514"}],"wp:term":[{"taxonomy":"product_cat","embeddable":true,"href":"https:\/\/fdev.es\/en\/wp-json\/wp\/v2\/product_cat?post=2514"},{"taxonomy":"product_tag","embeddable":true,"href":"https:\/\/fdev.es\/en\/wp-json\/wp\/v2\/product_tag?post=2514"}],"curies":[{"name":"wp","href":"https:\/\/api.w.org\/{rel}","templated":true}]}}