{"id":2384,"date":"2024-08-21T10:45:55","date_gmt":"2024-08-21T08:45:55","guid":{"rendered":"https:\/\/fdev.es\/?post_type=product&#038;p=2384"},"modified":"2024-09-18T18:25:12","modified_gmt":"2024-09-18T16:25:12","slug":"products-restriction-by-country-geoip","status":"publish","type":"product","link":"https:\/\/fdev.es\/en\/products-restriction-by-country-geoip\/","title":{"rendered":"Products restriction by country (Geoip)"},"content":{"rendered":"<p>Este m\u00f3dulo de prestashop compatible con la versi\u00f3n 8 que, restringe el acceso y visualizaci\u00f3n de categor\u00edas de productos seleccionadas a los pa\u00edses seleccionados. La particularidad de este m\u00f3dulo es que identifica los pa\u00edses por geoip, por lo que<strong> es necesario habilitar la geolocalizaci\u00f3n<\/strong> por ip en la secci\u00f3n Intenacinal &gt; Localizaci\u00f3n &gt; Geolocalizaci\u00f3n y tener subida la base de datos <strong>GeoLite2-City.mmdb<\/strong> que puedes obtener gratis en https:\/\/www.maxmind.com\/ en el directorio <strong>app\/Resources\/geoip<\/strong> de tu instalaci\u00f3n (Incluida en la compra del m\u00f3dulo).<\/p>\n<p>Adem\u00e1s si el usuario est\u00e1 visitando la web desde uno de los pa\u00edses restringidos por ip el m\u00f3dulo incluye inline un c\u00f3digo css custom configurable desde el m\u00f3dulo para que puedas ocultar elementos mediante css.<\/p>\n<p>Refresca la cach\u00e9 para asegurarte de que los cambios en la configuraci\u00f3n se reflejen correctamente.<\/p>\n<h2><strong>Release v2.0<\/strong><\/h2>\n<p>Se elimina el css inline que perjudicaba la estructura de algunos temas.<\/p>\n<p>A\u00f1adido fichero custom.css editable en el directorio views\/css\/custom.css<\/p>","protected":false},"excerpt":{"rendered":"<p>Restringe el acceso a categor\u00edas y productos por pa\u00edses mediante geolocalizaci\u00f3n por ip.<\/p>","protected":false},"featured_media":2386,"template":"","meta":{"_uag_custom_page_level_css":"","site-sidebar-layout":"default","site-content-layout":"","ast-site-content-layout":"default","site-content-style":"default","site-sidebar-style":"default","ast-global-header-display":"","ast-banner-title-visibility":"","ast-main-header-display":"","ast-hfb-above-header-display":"","ast-hfb-below-header-display":"","ast-hfb-mobile-header-display":"","site-post-title":"","ast-breadcrumbs-content":"","ast-featured-img":"","footer-sml-layout":"","theme-transparent-header-meta":"default","adv-header-id-meta":"","stick-header-meta":"default","header-above-stick-meta":"","header-main-stick-meta":"","header-below-stick-meta":"","astra-migrate-meta-layouts":"set","ast-page-background-enabled":"default","ast-page-background-meta":{"desktop":{"background-color":"","background-image":"","background-repeat":"repeat","background-position":"center center","background-size":"auto","background-attachment":"scroll","background-type":"","background-media":"","overlay-type":"","overlay-color":"","overlay-opacity":"","overlay-gradient":""},"tablet":{"background-color":"","background-image":"","background-repeat":"repeat","background-position":"center center","background-size":"auto","background-attachment":"scroll","background-type":"","background-media":"","overlay-type":"","overlay-color":"","overlay-opacity":"","overlay-gradient":""},"mobile":{"background-color":"","background-image":"","background-repeat":"repeat","background-position":"center center","background-size":"auto","background-attachment":"scroll","background-type":"","background-media":"","overlay-type":"","overlay-color":"","overlay-opacity":"","overlay-gradient":""}},"ast-content-background-meta":{"desktop":{"background-color":"var(--ast-global-color-5)","background-image":"","background-repeat":"repeat","background-position":"center center","background-size":"auto","background-attachment":"scroll","background-type":"","background-media":"","overlay-type":"","overlay-color":"","overlay-opacity":"","overlay-gradient":""},"tablet":{"background-color":"var(--ast-global-color-5)","background-image":"","background-repeat":"repeat","background-position":"center center","background-size":"auto","background-attachment":"scroll","background-type":"","background-media":"","overlay-type":"","overlay-color":"","overlay-opacity":"","overlay-gradient":""},"mobile":{"background-color":"var(--ast-global-color-5)","background-image":"","background-repeat":"repeat","background-position":"center center","background-size":"auto","background-attachment":"scroll","background-type":"","background-media":"","overlay-type":"","overlay-color":"","overlay-opacity":"","overlay-gradient":""}}},"product_cat":[98],"product_tag":[],"class_list":["post-2384","product","type-product","status-publish","has-post-thumbnail","hentry","product_cat-modulos-prestashop","desktop-align-left","tablet-align-left","mobile-align-left","ast-product-gallery-layout-horizontal-slider","ast-magnify-disabled","ast-product-tabs-layout-horizontal"],"acf":[],"uagb_featured_image_src":{"full":["https:\/\/fdev.es\/wp-content\/uploads\/2024\/08\/prestashop-restrict-by-geoip.png",512,512,false],"thumbnail":["https:\/\/fdev.es\/wp-content\/uploads\/2024\/08\/prestashop-restrict-by-geoip-150x150.png",150,150,true],"medium":["https:\/\/fdev.es\/wp-content\/uploads\/2024\/08\/prestashop-restrict-by-geoip-300x300.png",300,300,true],"medium_large":["https:\/\/fdev.es\/wp-content\/uploads\/2024\/08\/prestashop-restrict-by-geoip.png",512,512,false],"large":["https:\/\/fdev.es\/wp-content\/uploads\/2024\/08\/prestashop-restrict-by-geoip.png",512,512,false],"1536x1536":["https:\/\/fdev.es\/wp-content\/uploads\/2024\/08\/prestashop-restrict-by-geoip.png",512,512,false],"2048x2048":["https:\/\/fdev.es\/wp-content\/uploads\/2024\/08\/prestashop-restrict-by-geoip.png",512,512,false],"trp-custom-language-flag":["https:\/\/fdev.es\/wp-content\/uploads\/2024\/08\/prestashop-restrict-by-geoip.png",12,12,false],"woocommerce_thumbnail":["https:\/\/fdev.es\/wp-content\/uploads\/2024\/08\/prestashop-restrict-by-geoip-300x300.png",300,300,true],"woocommerce_single":["https:\/\/fdev.es\/wp-content\/uploads\/2024\/08\/prestashop-restrict-by-geoip.png",512,512,false],"woocommerce_gallery_thumbnail":["https:\/\/fdev.es\/wp-content\/uploads\/2024\/08\/prestashop-restrict-by-geoip-100x100.png",100,100,true]},"uagb_author_info":{"display_name":"Juan Fern\u00e1ndez M.","author_link":"https:\/\/fdev.es\/en\/author\/"},"uagb_comment_info":0,"uagb_excerpt":"Restringe el acceso a categor\u00edas y productos por pa\u00edses mediante geolocalizaci\u00f3n por ip.","_links":{"self":[{"href":"https:\/\/fdev.es\/en\/wp-json\/wp\/v2\/product\/2384","targetHints":{"allow":["GET"]}}],"collection":[{"href":"https:\/\/fdev.es\/en\/wp-json\/wp\/v2\/product"}],"about":[{"href":"https:\/\/fdev.es\/en\/wp-json\/wp\/v2\/types\/product"}],"wp:featuredmedia":[{"embeddable":true,"href":"https:\/\/fdev.es\/en\/wp-json\/wp\/v2\/media\/2386"}],"wp:attachment":[{"href":"https:\/\/fdev.es\/en\/wp-json\/wp\/v2\/media?parent=2384"}],"wp:term":[{"taxonomy":"product_cat","embeddable":true,"href":"https:\/\/fdev.es\/en\/wp-json\/wp\/v2\/product_cat?post=2384"},{"taxonomy":"product_tag","embeddable":true,"href":"https:\/\/fdev.es\/en\/wp-json\/wp\/v2\/product_tag?post=2384"}],"curies":[{"name":"wp","href":"https:\/\/api.w.org\/{rel}","templated":true}]}}