{"id":2269,"date":"2024-08-02T12:57:50","date_gmt":"2024-08-02T10:57:50","guid":{"rendered":"https:\/\/fdev.es\/?post_type=product&#038;p=2269"},"modified":"2024-08-02T12:57:50","modified_gmt":"2024-08-02T10:57:50","slug":"keyword-density-checker","status":"publish","type":"product","link":"https:\/\/fdev.es\/en\/keyword-density-checker\/","title":{"rendered":"Keyword Density Checker"},"content":{"rendered":"<p>Para posicionar una p\u00e1gina por una palabra clave, esta tiene que estar repetida varias veces en el mismo texto. Pero si la repetimos demasiadas veces incurriremos en la pr\u00e1ctica llamada <strong><em>keyword staffin<\/em>g<\/strong> penalizada por Google en sus pol\u00edticas.\u00a0 Por tanto, y de media para <em>rankear<\/em> una palabra clave sin cometer <strong><em>keyword stuffing<\/em><\/strong>, su <strong>densidad<\/strong> tiene que tiene que tener un<strong> ratio de entre el 1 y el 3% respecto al total del texto.<\/strong><\/p>\n<p>Con esta extensi\u00f3n de Google Chrome para <strong>medir la densidad de la palabra clave online<\/strong> podremos introducir en el campo de entrada la palabra clave que deseemos y el m\u00f3dulo contar\u00e1 el n\u00famero de apariciones y devolver\u00e1 la <strong>densidad al respecto al n\u00famero de palabras totales de la p\u00e1gina.<\/strong><\/p>","protected":false},"excerpt":{"rendered":"<p>Introduce una palabra clave para evaluar la densidad de la misma en la p\u00e1gina actual<\/p>","protected":false},"featured_media":2271,"template":"","meta":{"_uag_custom_page_level_css":"","site-sidebar-layout":"default","site-content-layout":"","ast-site-content-layout":"default","site-content-style":"default","site-sidebar-style":"default","ast-global-header-display":"","ast-banner-title-visibility":"","ast-main-header-display":"","ast-hfb-above-header-display":"","ast-hfb-below-header-display":"","ast-hfb-mobile-header-display":"","site-post-title":"","ast-breadcrumbs-content":"","ast-featured-img":"","footer-sml-layout":"","theme-transparent-header-meta":"default","adv-header-id-meta":"","stick-header-meta":"default","header-above-stick-meta":"","header-main-stick-meta":"","header-below-stick-meta":"","astra-migrate-meta-layouts":"set","ast-page-background-enabled":"default","ast-page-background-meta":{"desktop":{"background-color":"","background-image":"","background-repeat":"repeat","background-position":"center center","background-size":"auto","background-attachment":"scroll","background-type":"","background-media":"","overlay-type":"","overlay-color":"","overlay-opacity":"","overlay-gradient":""},"tablet":{"background-color":"","background-image":"","background-repeat":"repeat","background-position":"center center","background-size":"auto","background-attachment":"scroll","background-type":"","background-media":"","overlay-type":"","overlay-color":"","overlay-opacity":"","overlay-gradient":""},"mobile":{"background-color":"","background-image":"","background-repeat":"repeat","background-position":"center center","background-size":"auto","background-attachment":"scroll","background-type":"","background-media":"","overlay-type":"","overlay-color":"","overlay-opacity":"","overlay-gradient":""}},"ast-content-background-meta":{"desktop":{"background-color":"var(--ast-global-color-5)","background-image":"","background-repeat":"repeat","background-position":"center center","background-size":"auto","background-attachment":"scroll","background-type":"","background-media":"","overlay-type":"","overlay-color":"","overlay-opacity":"","overlay-gradient":""},"tablet":{"background-color":"var(--ast-global-color-5)","background-image":"","background-repeat":"repeat","background-position":"center center","background-size":"auto","background-attachment":"scroll","background-type":"","background-media":"","overlay-type":"","overlay-color":"","overlay-opacity":"","overlay-gradient":""},"mobile":{"background-color":"var(--ast-global-color-5)","background-image":"","background-repeat":"repeat","background-position":"center center","background-size":"auto","background-attachment":"scroll","background-type":"","background-media":"","overlay-type":"","overlay-color":"","overlay-opacity":"","overlay-gradient":""}}},"product_cat":[99],"product_tag":[],"class_list":["post-2269","product","type-product","status-publish","has-post-thumbnail","hentry","product_cat-extensiones-chrome","desktop-align-left","tablet-align-left","mobile-align-left","ast-product-gallery-layout-horizontal-slider","ast-magnify-disabled","ast-product-tabs-layout-horizontal"],"acf":[],"uagb_featured_image_src":{"full":["https:\/\/fdev.es\/wp-content\/uploads\/2024\/08\/palabra-clave.png",512,512,false],"thumbnail":["https:\/\/fdev.es\/wp-content\/uploads\/2024\/08\/palabra-clave-150x150.png",150,150,true],"medium":["https:\/\/fdev.es\/wp-content\/uploads\/2024\/08\/palabra-clave-300x300.png",300,300,true],"medium_large":["https:\/\/fdev.es\/wp-content\/uploads\/2024\/08\/palabra-clave.png",512,512,false],"large":["https:\/\/fdev.es\/wp-content\/uploads\/2024\/08\/palabra-clave.png",512,512,false],"1536x1536":["https:\/\/fdev.es\/wp-content\/uploads\/2024\/08\/palabra-clave.png",512,512,false],"2048x2048":["https:\/\/fdev.es\/wp-content\/uploads\/2024\/08\/palabra-clave.png",512,512,false],"trp-custom-language-flag":["https:\/\/fdev.es\/wp-content\/uploads\/2024\/08\/palabra-clave.png",12,12,false],"woocommerce_thumbnail":["https:\/\/fdev.es\/wp-content\/uploads\/2024\/08\/palabra-clave-300x300.png",300,300,true],"woocommerce_single":["https:\/\/fdev.es\/wp-content\/uploads\/2024\/08\/palabra-clave.png",512,512,false],"woocommerce_gallery_thumbnail":["https:\/\/fdev.es\/wp-content\/uploads\/2024\/08\/palabra-clave-100x100.png",100,100,true]},"uagb_author_info":{"display_name":"Juan Fern\u00e1ndez M.","author_link":"https:\/\/fdev.es\/en\/author\/"},"uagb_comment_info":0,"uagb_excerpt":"Introduce una palabra clave para evaluar la densidad de la misma en la p\u00e1gina actual","_links":{"self":[{"href":"https:\/\/fdev.es\/en\/wp-json\/wp\/v2\/product\/2269","targetHints":{"allow":["GET"]}}],"collection":[{"href":"https:\/\/fdev.es\/en\/wp-json\/wp\/v2\/product"}],"about":[{"href":"https:\/\/fdev.es\/en\/wp-json\/wp\/v2\/types\/product"}],"wp:featuredmedia":[{"embeddable":true,"href":"https:\/\/fdev.es\/en\/wp-json\/wp\/v2\/media\/2271"}],"wp:attachment":[{"href":"https:\/\/fdev.es\/en\/wp-json\/wp\/v2\/media?parent=2269"}],"wp:term":[{"taxonomy":"product_cat","embeddable":true,"href":"https:\/\/fdev.es\/en\/wp-json\/wp\/v2\/product_cat?post=2269"},{"taxonomy":"product_tag","embeddable":true,"href":"https:\/\/fdev.es\/en\/wp-json\/wp\/v2\/product_tag?post=2269"}],"curies":[{"name":"wp","href":"https:\/\/api.w.org\/{rel}","templated":true}]}}