{"id":2203,"date":"2024-07-21T11:03:28","date_gmt":"2024-07-21T09:03:28","guid":{"rendered":"https:\/\/fdev.es\/?post_type=product&#038;p=2203"},"modified":"2024-07-21T11:03:28","modified_gmt":"2024-07-21T09:03:28","slug":"url-availability-checker","status":"publish","type":"product","link":"https:\/\/fdev.es\/en\/url-availability-checker\/","title":{"rendered":"Url Availability Checker"},"content":{"rendered":"<p>Introduce las urls que quieras monitorizar. El sistema revisa el estado de las webs con la periodicidad que elijas y si alguna de las webs no responde te lo notificar\u00e1 por correo electr\u00f3nico. Se puede comprobar tambi\u00e9n su estado en tiempo real.<\/p>","protected":false},"excerpt":{"rendered":"<p>Este plugin te notifica cuando alguna de tus webs est\u00e1 caida<\/p>","protected":false},"featured_media":2204,"template":"","meta":{"_uag_custom_page_level_css":"","site-sidebar-layout":"default","site-content-layout":"","ast-site-content-layout":"default","site-content-style":"default","site-sidebar-style":"default","ast-global-header-display":"","ast-banner-title-visibility":"","ast-main-header-display":"","ast-hfb-above-header-display":"","ast-hfb-below-header-display":"","ast-hfb-mobile-header-display":"","site-post-title":"","ast-breadcrumbs-content":"","ast-featured-img":"","footer-sml-layout":"","theme-transparent-header-meta":"default","adv-header-id-meta":"","stick-header-meta":"default","header-above-stick-meta":"","header-main-stick-meta":"","header-below-stick-meta":"","astra-migrate-meta-layouts":"set","ast-page-background-enabled":"default","ast-page-background-meta":{"desktop":{"background-color":"","background-image":"","background-repeat":"repeat","background-position":"center center","background-size":"auto","background-attachment":"scroll","background-type":"","background-media":"","overlay-type":"","overlay-color":"","overlay-opacity":"","overlay-gradient":""},"tablet":{"background-color":"","background-image":"","background-repeat":"repeat","background-position":"center center","background-size":"auto","background-attachment":"scroll","background-type":"","background-media":"","overlay-type":"","overlay-color":"","overlay-opacity":"","overlay-gradient":""},"mobile":{"background-color":"","background-image":"","background-repeat":"repeat","background-position":"center center","background-size":"auto","background-attachment":"scroll","background-type":"","background-media":"","overlay-type":"","overlay-color":"","overlay-opacity":"","overlay-gradient":""}},"ast-content-background-meta":{"desktop":{"background-color":"var(--ast-global-color-5)","background-image":"","background-repeat":"repeat","background-position":"center center","background-size":"auto","background-attachment":"scroll","background-type":"","background-media":"","overlay-type":"","overlay-color":"","overlay-opacity":"","overlay-gradient":""},"tablet":{"background-color":"var(--ast-global-color-5)","background-image":"","background-repeat":"repeat","background-position":"center center","background-size":"auto","background-attachment":"scroll","background-type":"","background-media":"","overlay-type":"","overlay-color":"","overlay-opacity":"","overlay-gradient":""},"mobile":{"background-color":"var(--ast-global-color-5)","background-image":"","background-repeat":"repeat","background-position":"center center","background-size":"auto","background-attachment":"scroll","background-type":"","background-media":"","overlay-type":"","overlay-color":"","overlay-opacity":"","overlay-gradient":""}}},"product_cat":[42,97],"product_tag":[],"class_list":["post-2203","product","type-product","status-publish","has-post-thumbnail","hentry","product_cat-sin-categorizar","product_cat-plugins-wordpress","desktop-align-left","tablet-align-left","mobile-align-left","ast-product-gallery-layout-horizontal-slider","ast-magnify-disabled","ast-product-tabs-layout-horizontal"],"acf":[],"uagb_featured_image_src":{"full":["https:\/\/fdev.es\/wp-content\/uploads\/2024\/07\/url-limpia-1.png",512,512,false],"thumbnail":["https:\/\/fdev.es\/wp-content\/uploads\/2024\/07\/url-limpia-1-150x150.png",150,150,true],"medium":["https:\/\/fdev.es\/wp-content\/uploads\/2024\/07\/url-limpia-1-300x300.png",300,300,true],"medium_large":["https:\/\/fdev.es\/wp-content\/uploads\/2024\/07\/url-limpia-1.png",512,512,false],"large":["https:\/\/fdev.es\/wp-content\/uploads\/2024\/07\/url-limpia-1.png",512,512,false],"1536x1536":["https:\/\/fdev.es\/wp-content\/uploads\/2024\/07\/url-limpia-1.png",512,512,false],"2048x2048":["https:\/\/fdev.es\/wp-content\/uploads\/2024\/07\/url-limpia-1.png",512,512,false],"trp-custom-language-flag":["https:\/\/fdev.es\/wp-content\/uploads\/2024\/07\/url-limpia-1.png",12,12,false],"woocommerce_thumbnail":["https:\/\/fdev.es\/wp-content\/uploads\/2024\/07\/url-limpia-1-300x300.png",300,300,true],"woocommerce_single":["https:\/\/fdev.es\/wp-content\/uploads\/2024\/07\/url-limpia-1.png",512,512,false],"woocommerce_gallery_thumbnail":["https:\/\/fdev.es\/wp-content\/uploads\/2024\/07\/url-limpia-1-100x100.png",100,100,true]},"uagb_author_info":{"display_name":"Juan Fern\u00e1ndez M.","author_link":"https:\/\/fdev.es\/en\/author\/"},"uagb_comment_info":0,"uagb_excerpt":"Este plugin te notifica cuando alguna de tus webs est\u00e1 caida","_links":{"self":[{"href":"https:\/\/fdev.es\/en\/wp-json\/wp\/v2\/product\/2203","targetHints":{"allow":["GET"]}}],"collection":[{"href":"https:\/\/fdev.es\/en\/wp-json\/wp\/v2\/product"}],"about":[{"href":"https:\/\/fdev.es\/en\/wp-json\/wp\/v2\/types\/product"}],"wp:featuredmedia":[{"embeddable":true,"href":"https:\/\/fdev.es\/en\/wp-json\/wp\/v2\/media\/2204"}],"wp:attachment":[{"href":"https:\/\/fdev.es\/en\/wp-json\/wp\/v2\/media?parent=2203"}],"wp:term":[{"taxonomy":"product_cat","embeddable":true,"href":"https:\/\/fdev.es\/en\/wp-json\/wp\/v2\/product_cat?post=2203"},{"taxonomy":"product_tag","embeddable":true,"href":"https:\/\/fdev.es\/en\/wp-json\/wp\/v2\/product_tag?post=2203"}],"curies":[{"name":"wp","href":"https:\/\/api.w.org\/{rel}","templated":true}]}}