{"id":2406,"date":"2024-09-09T08:44:06","date_gmt":"2024-09-09T06:44:06","guid":{"rendered":"https:\/\/fdev.es\/?page_id=2406"},"modified":"2025-04-30T14:26:29","modified_gmt":"2025-04-30T12:26:29","slug":"about","status":"publish","type":"page","link":"https:\/\/fdev.es\/en\/about\/","title":{"rendered":""},"content":{"rendered":"<div data-elementor-type=\"wp-page\" data-elementor-id=\"2406\" class=\"elementor elementor-2406\" data-elementor-post-type=\"page\">\n\t\t\t\t\t\t<section class=\"elementor-section elementor-top-section elementor-element elementor-element-6e51871f elementor-section-boxed elementor-section-height-default elementor-section-height-default\" data-id=\"6e51871f\" data-element_type=\"section\">\n\t\t\t\t\t\t<div class=\"elementor-container elementor-column-gap-default\">\n\t\t\t\t\t<div class=\"elementor-column elementor-col-100 elementor-top-column elementor-element elementor-element-448967bd\" data-id=\"448967bd\" data-element_type=\"column\">\n\t\t\t<div class=\"elementor-widget-wrap elementor-element-populated\">\n\t\t\t\t\t\t<div class=\"elementor-element elementor-element-14a46713 elementor-widget elementor-widget-text-editor\" data-id=\"14a46713\" data-element_type=\"widget\" data-widget_type=\"text-editor.default\">\n\t\t\t\t<div class=\"elementor-widget-container\">\n\t\t\t\t\t\t\t<p class=\"\" data-start=\"131\" data-end=\"346\">\ud83d\udc4b \u00a1Hola! Me llamo Juan Fern\u00e1ndez (Fern\u00e1ndev o Fdev.) y actualmente trabajo como SEO en una agencia, aunque tambi\u00e9n me toca apagar fuegos de vez en cuando y llevar las riendas de los proyectos m\u00e1s complejos a nivel t\u00e9cnico.<\/p>\n<p class=\"\" data-start=\"348\" data-end=\"516\">Llevo en esto de las webs desde que se hac\u00edan con tablas en Dreamweaver, aunque ahora me interesan tambi\u00e9n las m\u00e9tricas y todo lo que mejora la experiencia del usuario.<\/p>\n<p class=\"\" data-start=\"518\" data-end=\"687\">Siempre tengo alg\u00fan <em data-start=\"538\" data-end=\"552\">side project<\/em> en mente, y por eso tengo una colecci\u00f3n de dominios que parece un zool\u00f3gico de Pok\u00e9mon raros esperando su momento de gloria.<\/p>\n<p><!-- \/wp:paragraph --><\/p>\t\t\t\t\t\t<\/div>\n\t\t\t\t<\/div>\n\t\t\t\t\t<\/div>\n\t\t<\/div>\n\t\t\t\t\t<\/div>\n\t\t<\/section>\n\t\t\t\t<\/div>","protected":false},"excerpt":{"rendered":"<p>\ud83d\udc4b \u00a1Hola! Me llamo Juan Fern\u00e1ndez (Fern\u00e1ndev o Fdev.) y actualmente trabajo como SEO en una agencia, aunque tambi\u00e9n me toca apagar fuegos de vez en cuando y llevar las riendas de los proyectos m\u00e1s complejos a nivel t\u00e9cnico. Llevo en esto de las webs desde que se hac\u00edan con tablas en Dreamweaver, aunque ahora [&hellip;]<\/p>","protected":false},"author":1,"featured_media":0,"parent":0,"menu_order":0,"comment_status":"closed","ping_status":"closed","template":"","meta":{"_uag_custom_page_level_css":"","site-sidebar-layout":"default","site-content-layout":"","ast-site-content-layout":"default","site-content-style":"default","site-sidebar-style":"default","ast-global-header-display":"","ast-banner-title-visibility":"","ast-main-header-display":"","ast-hfb-above-header-display":"","ast-hfb-below-header-display":"","ast-hfb-mobile-header-display":"","site-post-title":"","ast-breadcrumbs-content":"","ast-featured-img":"","footer-sml-layout":"","theme-transparent-header-meta":"","adv-header-id-meta":"","stick-header-meta":"","header-above-stick-meta":"","header-main-stick-meta":"","header-below-stick-meta":"","astra-migrate-meta-layouts":"set","ast-page-background-enabled":"default","ast-page-background-meta":{"desktop":{"background-color":"","background-image":"","background-repeat":"repeat","background-position":"center center","background-size":"auto","background-attachment":"scroll","background-type":"","background-media":"","overlay-type":"","overlay-color":"","overlay-opacity":"","overlay-gradient":""},"tablet":{"background-color":"","background-image":"","background-repeat":"repeat","background-position":"center center","background-size":"auto","background-attachment":"scroll","background-type":"","background-media":"","overlay-type":"","overlay-color":"","overlay-opacity":"","overlay-gradient":""},"mobile":{"background-color":"","background-image":"","background-repeat":"repeat","background-position":"center center","background-size":"auto","background-attachment":"scroll","background-type":"","background-media":"","overlay-type":"","overlay-color":"","overlay-opacity":"","overlay-gradient":""}},"ast-content-background-meta":{"desktop":{"background-color":"var(--ast-global-color-5)","background-image":"","background-repeat":"repeat","background-position":"center center","background-size":"auto","background-attachment":"scroll","background-type":"","background-media":"","overlay-type":"","overlay-color":"","overlay-opacity":"","overlay-gradient":""},"tablet":{"background-color":"var(--ast-global-color-5)","background-image":"","background-repeat":"repeat","background-position":"center center","background-size":"auto","background-attachment":"scroll","background-type":"","background-media":"","overlay-type":"","overlay-color":"","overlay-opacity":"","overlay-gradient":""},"mobile":{"background-color":"var(--ast-global-color-5)","background-image":"","background-repeat":"repeat","background-position":"center center","background-size":"auto","background-attachment":"scroll","background-type":"","background-media":"","overlay-type":"","overlay-color":"","overlay-opacity":"","overlay-gradient":""}},"footnotes":""},"class_list":["post-2406","page","type-page","status-publish","hentry"],"acf":[],"uagb_featured_image_src":{"full":false,"thumbnail":false,"medium":false,"medium_large":false,"large":false,"1536x1536":false,"2048x2048":false,"trp-custom-language-flag":false,"woocommerce_thumbnail":false,"woocommerce_single":false,"woocommerce_gallery_thumbnail":false},"uagb_author_info":{"display_name":"Juan Fern\u00e1ndez M.","author_link":"https:\/\/fdev.es\/en\/author\/juanfz\/"},"uagb_comment_info":0,"uagb_excerpt":"\ud83d\udc4b \u00a1Hola! Me llamo Juan Fern\u00e1ndez (Fern\u00e1ndev o Fdev.) y actualmente trabajo como SEO en una agencia, aunque tambi\u00e9n me toca apagar fuegos de vez en cuando y llevar las riendas de los proyectos m\u00e1s complejos a nivel t\u00e9cnico. Llevo en esto de las webs desde que se hac\u00edan con tablas en Dreamweaver, aunque ahora&hellip;","_links":{"self":[{"href":"https:\/\/fdev.es\/en\/wp-json\/wp\/v2\/pages\/2406","targetHints":{"allow":["GET"]}}],"collection":[{"href":"https:\/\/fdev.es\/en\/wp-json\/wp\/v2\/pages"}],"about":[{"href":"https:\/\/fdev.es\/en\/wp-json\/wp\/v2\/types\/page"}],"author":[{"embeddable":true,"href":"https:\/\/fdev.es\/en\/wp-json\/wp\/v2\/users\/1"}],"replies":[{"embeddable":true,"href":"https:\/\/fdev.es\/en\/wp-json\/wp\/v2\/comments?post=2406"}],"version-history":[{"count":28,"href":"https:\/\/fdev.es\/en\/wp-json\/wp\/v2\/pages\/2406\/revisions"}],"predecessor-version":[{"id":2671,"href":"https:\/\/fdev.es\/en\/wp-json\/wp\/v2\/pages\/2406\/revisions\/2671"}],"wp:attachment":[{"href":"https:\/\/fdev.es\/en\/wp-json\/wp\/v2\/media?parent=2406"}],"curies":[{"name":"wp","href":"https:\/\/api.w.org\/{rel}","templated":true}]}}